{"id":12744,"date":"2016-01-20T05:24:15","date_gmt":"2016-01-20T05:24:15","guid":{"rendered":"http:\/\/plavecke-jaslicky.sk\/?page_id=12744"},"modified":"2022-11-14T16:06:37","modified_gmt":"2022-11-14T16:06:37","slug":"prihlaska-a-kurzy","status":"publish","type":"page","link":"https:\/\/plavecke-jaslicky.sk\/sk\/prihlaska-a-kurzy\/","title":{"rendered":"Prihl\u00e1\u0161ka a kurzy"},"content":{"rendered":"<p><div class=\"fusion-fullwidth fullwidth-box fusion-builder-row-1 hundred-percent-fullwidth non-hundred-percent-height-scrolling\" style=\"background-color: rgba(255,255,255,0);background-position: center center;background-repeat: no-repeat;padding-top:0px;padding-right:0px;padding-bottom:0px;padding-left:0px;margin-bottom: 0px;margin-top: 0px;border-width: 0px 0px 0px 0px;border-color:#eae9e9;border-style:solid;\" ><div class=\"fusion-builder-row fusion-row\"><div class=\"fusion-layout-column fusion_builder_column fusion-builder-column-0 fusion_builder_column_1_1 1_1 fusion-one-full fusion-column-first fusion-column-last\" style=\"margin-top:0px;margin-bottom:20px;\"><div class=\"fusion-column-wrapper fusion-flex-column-wrapper-legacy\" style=\"background-position:left top;background-repeat:no-repeat;-webkit-background-size:cover;-moz-background-size:cover;-o-background-size:cover;background-size:cover;padding: 0px 0px 0px 0px;\"><div class=\"fusion-text fusion-text-1\"><h1 style=\"text-align: center;\"><span style=\"color: #ff6600;\">Jelentkez\u00e9s Kom\u00e1romba magyarul besz\u00e9l\u0151 oktat\u00f3val<\/span><\/h1>\n<\/div><div class=\"fusion-sep-clear\"><\/div><div class=\"fusion-separator fusion-full-width-sep\" style=\"margin-left: auto;margin-right: auto;margin-bottom:40px;width:100%;\"><div class=\"fusion-separator-border sep-shadow\" style=\"background:radial-gradient(ellipse at 50% -50% , #e0dede 0px, rgba(255, 255, 255, 0) 80%) repeat scroll 0 0 rgba(0, 0, 0, 0);background:-webkit-radial-gradient(ellipse at 50% -50% , #e0dede 0px, rgba(255, 255, 255, 0) 80%) repeat scroll 0 0 rgba(0, 0, 0, 0);background:-moz-radial-gradient(ellipse at 50% -50% , #e0dede 0px, rgba(255, 255, 255, 0) 80%) repeat scroll 0 0 rgba(0, 0, 0, 0);background:-o-radial-gradient(ellipse at 50% -50% , #e0dede 0px, rgba(255, 255, 255, 0) 80%) repeat scroll 0 0 rgba(0, 0, 0, 0);\"><\/div><\/div><div class=\"fusion-sep-clear\"><\/div><div class=\"fusion-text fusion-text-2\"><\/div>\n<div class=\"table-1\">\n<table width=\"100%\">\n<thead>\n<tr>\n<th align=\"left\">V\u00e1ros<\/th>\n<th align=\"left\">\u00dasz\u00f3tanfolyam 3 \u00e9ves korig<\/th>\n<\/tr>\n<\/thead>\n<tbody>\n<tr>\n<td align=\"left\"><span style=\"color: #000000;\"><strong>&#x1f1ed;&#x1f1fa; R\u00e9vkom\u00e1rom (SK)\u00a0 November &#x1f1ed;&#x1f1fa;<\/strong><\/span><\/td>\n<td align=\"left\">2022.11.28.<\/td>\n<\/tr>\n<\/tbody>\n<\/table>\n<\/div>\n<div class=\"fusion-clearfix\"><\/div><\/div><\/div><\/div><style type=\"text\/css\">.fusion-fullwidth.fusion-builder-row-1 { overflow:visible; }<\/style><\/div><div class=\"fusion-fullwidth fullwidth-box fusion-builder-row-2 hundred-percent-fullwidth non-hundred-percent-height-scrolling\" style=\"background-color: rgba(255,255,255,0);background-position: center center;background-repeat: no-repeat;padding-top:20px;padding-right:0px;padding-bottom:20px;padding-left:0px;margin-bottom: 0px;margin-top: 0px;border-width: 0px 0px 0px 0px;border-color:#eae9e9;border-style:solid;\" ><div class=\"fusion-builder-row fusion-row\"><div class=\"fusion-layout-column fusion_builder_column fusion-builder-column-1 fusion_builder_column_3_5 3_5 fusion-three-fifth fusion-column-first\" style=\"width:58.4%; margin-right: 4%;margin-top:0px;margin-bottom:20px;\"><div class=\"fusion-column-wrapper fusion-flex-column-wrapper-legacy\" style=\"background-position:left top;background-repeat:no-repeat;-webkit-background-size:cover;-moz-background-size:cover;-o-background-size:cover;background-size:cover;padding: 0px 0px 0px 0px;\">\n<div class=\"wpcf7 no-js\" id=\"wpcf7-f14606-o1\" lang=\"en-US\" dir=\"ltr\">\n<div class=\"screen-reader-response\"><p role=\"status\" aria-live=\"polite\" aria-atomic=\"true\"><\/p> <ul><\/ul><\/div>\n<form action=\"\/sk\/wp-json\/wp\/v2\/pages\/12744#wpcf7-f14606-o1\" method=\"post\" class=\"wpcf7-form init\" aria-label=\"Contact form\" novalidate=\"novalidate\" data-status=\"init\">\n<div style=\"display: none;\">\n<input type=\"hidden\" name=\"_wpcf7\" value=\"14606\" \/>\n<input type=\"hidden\" name=\"_wpcf7_version\" value=\"5.9.8\" \/>\n<input type=\"hidden\" name=\"_wpcf7_locale\" value=\"en_US\" \/>\n<input type=\"hidden\" name=\"_wpcf7_unit_tag\" value=\"wpcf7-f14606-o1\" \/>\n<input type=\"hidden\" name=\"_wpcf7_container_post\" value=\"0\" \/>\n<input type=\"hidden\" name=\"_wpcf7_posted_data_hash\" value=\"\" \/>\n<input type=\"hidden\" name=\"_wpcf7_recaptcha_response\" value=\"\" \/>\n<\/div>\n<p>A sz\u00fcl\u0151 vezet\u00e9k \u00e9s keresztneve\n<\/p>\n<p><span class=\"wpcf7-form-control-wrap\" data-name=\"rodic-meno\"><input size=\"40\" maxlength=\"400\" class=\"wpcf7-form-control wpcf7-text wpcf7-validates-as-required\" aria-required=\"true\" aria-invalid=\"false\" value=\"\" type=\"text\" name=\"rodic-meno\" \/><\/span>\n<\/p>\n<p>A gyermek vezet\u00e9k \u00e9s keresztneve\n<\/p>\n<p><span class=\"wpcf7-form-control-wrap\" data-name=\"dieta-meno\"><input size=\"40\" maxlength=\"400\" class=\"wpcf7-form-control wpcf7-text wpcf7-validates-as-required\" aria-required=\"true\" aria-invalid=\"false\" value=\"\" type=\"text\" name=\"dieta-meno\" \/><\/span>\n<\/p>\n<p>A gyermek sz\u00fclet\u00e9si ideje\n<\/p>\n<p><span class=\"wpcf7-form-control-wrap datum-narodenia\"><input size=\"40\" class=\"wpcf7-form-control wpcf7-date wpcf7-validates-as-required\" type=\"text\" aria-required=\"true\" value=\"\" name=\"datum-narodenia\" \/> <\/span>\n<\/p>\n<p>E-mail\n<\/p>\n<p><span class=\"wpcf7-form-control-wrap\" data-name=\"email\"><input size=\"40\" maxlength=\"400\" class=\"wpcf7-form-control wpcf7-email wpcf7-validates-as-required wpcf7-text wpcf7-validates-as-email\" aria-required=\"true\" aria-invalid=\"false\" value=\"\" type=\"email\" name=\"email\" \/><\/span>\n<\/p>\n<p>Telefonsz\u00e1m\n<\/p>\n<p><span class=\"wpcf7-form-control-wrap\" data-name=\"tel\"><input size=\"40\" maxlength=\"400\" class=\"wpcf7-form-control wpcf7-tel wpcf7-validates-as-required wpcf7-text wpcf7-validates-as-tel\" aria-required=\"true\" aria-invalid=\"false\" value=\"\" type=\"tel\" name=\"tel\" \/><\/span>\n<\/p>\n<p>C\u00edm\n<\/p>\n<p><span class=\"wpcf7-form-control-wrap\" data-name=\"adresa\"><input size=\"40\" maxlength=\"400\" class=\"wpcf7-form-control wpcf7-text\" aria-invalid=\"false\" value=\"\" type=\"text\" name=\"adresa\" \/><\/span><span id=\"wpcf7-69ed36e0be3ab-wrapper\" class=\"wpcf7-form-control-wrap psc-wrap\" style=\"display:none !important; visibility:hidden !important;\"><label for=\"wpcf7-69ed36e0be3ab-field\" class=\"hp-message\">Please leave this field empty.<\/label><input id=\"wpcf7-69ed36e0be3ab-field\"  class=\"wpcf7-form-control wpcf7-text\" type=\"text\" name=\"psc\" value=\"\" size=\"40\" tabindex=\"-1\" autocomplete=\"new-password\" \/><\/span>\n<\/p>\n<p>Helysz\u00edn\n<\/p>\n<p><span class=\"wpcf7-form-control-wrap\" data-name=\"prevadzka\"><select class=\"wpcf7-form-control wpcf7-select wpcf7-validates-as-required\" aria-required=\"true\" aria-invalid=\"false\" name=\"prevadzka\"><option value=\"R\u00e9vkom\u00e1rom 3 \u00e9ves korig Delfin 132 eur\u00f3\">R\u00e9vkom\u00e1rom 3 \u00e9ves korig Delfin 132 eur\u00f3<\/option><option value=\"R\u00e9vkom\u00e1rom 3 \u00e9ves korig Ebihal 253 eur\u00f3\">R\u00e9vkom\u00e1rom 3 \u00e9ves korig Ebihal 253 eur\u00f3<\/option><option value=\"R\u00e9vkom\u00e1rom 3 \u00e9ves kort\u00f3l B\u00e9ka 107 eur\u00f3\">R\u00e9vkom\u00e1rom 3 \u00e9ves kort\u00f3l B\u00e9ka 107 eur\u00f3<\/option><option value=\"R\u00e9vkom\u00e1rom 3 \u00e9ves kort\u00f3l Halacska 59 eur\u00f3\">R\u00e9vkom\u00e1rom 3 \u00e9ves kort\u00f3l Halacska 59 eur\u00f3<\/option><option value=\"R\u00e9vkom\u00e1rom 2 \u00e9ves kort\u00f3l C\u00e1pa 143 eur\u00f3\">R\u00e9vkom\u00e1rom 2 \u00e9ves kort\u00f3l C\u00e1pa 143 eur\u00f3<\/option><\/select><\/span>\n<\/p>\n<p>Megjegyz\u00e9s\n<\/p>\n<p><span class=\"wpcf7-form-control-wrap\" data-name=\"poznamky\"><input size=\"40\" maxlength=\"400\" class=\"wpcf7-form-control wpcf7-text\" aria-invalid=\"false\" value=\"\" type=\"text\" name=\"poznamky\" \/><\/span>\n<\/p>\n<table style=\"width:100%\">\n\t<tr>\n\t\t<td>\n\t\t\t<p><span class=\"wpcf7-form-control-wrap\" data-name=\"fotenie\"><span class=\"wpcf7-form-control wpcf7-checkbox\"><span class=\"wpcf7-list-item first last\"><input type=\"checkbox\" name=\"fotenie[]\" value=\"Fot\u00f3z\u00e1s\/50 eur\u00f3\/\" \/><span class=\"wpcf7-list-item-label\">Fot\u00f3z\u00e1s\/50 eur\u00f3\/<\/span><\/span><\/span><\/span>\n\t\t\t<\/p>\n\t\t<\/td>\n\t\t<td>\n\t\t<\/td>\n\t\t<td>\n\t\t\t<p><span class=\"wpcf7-form-control-wrap\" data-name=\"plavanie-instruktor\"><span class=\"wpcf7-form-control wpcf7-checkbox\"><span class=\"wpcf7-list-item first last\"><input type=\"checkbox\" name=\"plavanie-instruktor[]\" value=\"Mag\u00e1n \u00f3r\u00e1k oktat\u00f3val\/45 eur\u00f3\/\" \/><span class=\"wpcf7-list-item-label\">Mag\u00e1n \u00f3r\u00e1k oktat\u00f3val\/45 eur\u00f3\/<\/span><\/span><\/span><\/span>\n\t\t\t<\/p>\n\t\t<\/td>\n\t<\/tr>\n\t<tr>\n\t\t<td>\n\t\t\t<p><span class=\"wpcf7-form-control-wrap\" data-name=\"rodinne-plavanie\"><span class=\"wpcf7-form-control wpcf7-checkbox\"><span class=\"wpcf7-list-item first last\"><input type=\"checkbox\" name=\"rodinne-plavanie[]\" value=\"Csal\u00e1di \u00fasz\u00e1s\/29 eur\u00f3\/\" \/><span class=\"wpcf7-list-item-label\">Csal\u00e1di \u00fasz\u00e1s\/29 eur\u00f3\/<\/span><\/span><\/span><\/span>\n\t\t\t<\/p>\n\t\t<\/td>\n\t\t<td>\n\t\t<\/td>\n\t\t<td>\n\t\t<\/td>\n\t<\/tr>\n<\/table>\n<p><span class=\"wpcf7-form-control-wrap\" data-name=\"GDPR\"><span class=\"wpcf7-form-control wpcf7-acceptance\"><span class=\"wpcf7-list-item\"><label><input type=\"checkbox\" name=\"GDPR\" value=\"1\" aria-invalid=\"false\" \/><span class=\"wpcf7-list-item-label\">Meg\u00e9rtettem \u00e9s hozz\u00e1j\u00e1rulok a szem\u00e9lyes adataim <a href=\"\/wp-content\/uploads\/2022\/11\/Zasady_ochrany_osobnych_udajov_v-sulade_s_GDPR_HU.pdf\" target=\"_Blank\">biztons\u00e1gos kezel\u00e9s\u00e9hez<\/a>.<\/span><\/label><\/span><\/span><\/span>\n<\/p>\n<p><input class=\"wpcf7-form-control wpcf7-submit has-spinner\" type=\"submit\" value=\"Jelentkez\u00e9s \u00fasz\u00f3tanfolyamra\" \/>\n<\/p><div class=\"fusion-alert alert custom alert-custom fusion-alert-center wpcf7-response-output fusion-alert-capitalize alert-dismissable\" style=\"border-width:1px;\"><button type=\"button\" class=\"close toggle-alert\" data-dismiss=\"alert\" aria-label=\"Close\">&times;<\/button><div class=\"fusion-alert-content-wrapper\"><span class=\"fusion-alert-content\"><\/span><\/div><\/div>\n<\/form>\n<\/div>\n<div class=\"fusion-clearfix\"><\/div><\/div><\/div><div class=\"fusion-layout-column fusion_builder_column fusion-builder-column-2 fusion_builder_column_2_5 2_5 fusion-two-fifth fusion-column-last\" style=\"width:37.6%;margin-top:0px;margin-bottom:20px;\"><div class=\"fusion-column-wrapper fusion-flex-column-wrapper-legacy\" style=\"background-position:left top;background-repeat:no-repeat;-webkit-background-size:cover;-moz-background-size:cover;-o-background-size:cover;background-size:cover;padding: 0px 0px 0px 0px;\"><div class=\"imageframe-align-center\"><span class=\" fusion-imageframe imageframe-none imageframe-1 hover-type-none\"><img decoding=\"async\" src=\"http:\/\/plavecke-jaslicky.sk\/wp-content\/uploads\/2016\/01\/logo_new.jpg\" class=\"img-responsive\"\/><\/span><\/div><div class=\"fusion-clearfix\"><\/div><\/div><\/div><\/div><\/div><div class=\"fusion-fullwidth fullwidth-box fusion-builder-row-3 hundred-percent-fullwidth non-hundred-percent-height-scrolling\" style=\"background-color: rgba(255,255,255,0);background-position: center center;background-repeat: no-repeat;padding-top:0px;padding-right:0px;padding-bottom:0px;padding-left:0px;margin-bottom: 0px;margin-top: 0px;border-width: 0px 0px 0px 0px;border-color:#eae9e9;border-style:solid;\" ><div class=\"fusion-builder-row fusion-row\"><div class=\"fusion-layout-column fusion_builder_column fusion-builder-column-3 fusion_builder_column_1_1 1_1 fusion-one-full fusion-column-first fusion-column-last\" style=\"margin-top:0px;margin-bottom:20px;\"><div class=\"fusion-column-wrapper fusion-flex-column-wrapper-legacy\" style=\"background-position:left top;background-repeat:no-repeat;-webkit-background-size:cover;-moz-background-size:cover;-o-background-size:cover;background-size:cover;padding: 0px 0px 0px 0px;\"><div class=\"fusion-text fusion-text-3\"><h1 style=\"text-align: center;\"><span style=\"font-size: 40px; color: #339966;\">Covid aktualiz\u00e1cia<\/span><\/h1>\n<\/div><div class=\"fusion-text fusion-text-4\"><h4 class=\"fusion-responsive-typography-calculated\" data-fontsize=\"18\" data-lineheight=\"27.72px\">Na kurz pl\u00e1vania sa nevy\u017eaduje predklada\u0165 \u017eiadne potvrdenia o prekonan\u00ed Covid 19, o\u010dkovanie ani test.<\/h4>\n<\/div><div class=\"fusion-clearfix\"><\/div><\/div><\/div><\/div><style type=\"text\/css\">.fusion-fullwidth.fusion-builder-row-3 { overflow:visible; }<\/style><\/div><\/p>\n","protected":false},"excerpt":{"rendered":"","protected":false},"author":1,"featured_media":0,"parent":0,"menu_order":0,"comment_status":"closed","ping_status":"closed","template":"","meta":{"footnotes":""},"class_list":["post-12744","page","type-page","status-publish","hentry"],"yoast_head":"<!-- This site is optimized with the Yoast SEO plugin v23.5 - https:\/\/yoast.com\/wordpress\/plugins\/seo\/ -->\n<title>Prihl\u00e1\u0161ka na plaveck\u00fd kurz pre deti - Plaveck\u00e9 Jasli\u010dky \u017dabka<\/title>\n<meta name=\"description\" content=\"Prihl\u00e1ste svoje die\u0165a na kurz pl\u00e1vania e\u0161te dnes. M\u00e1me viac ako 10 ro\u010dn\u00e9 sk\u00fasenosti s detsk\u00fdm pl\u00e1van\u00edm a sme dr\u017eite\u013emi mno\u017estva plaveck\u00fdch certifik\u00e1tov.\" \/>\n<meta name=\"robots\" content=\"index, follow, max-snippet:-1, max-image-preview:large, max-video-preview:-1\" \/>\n<link rel=\"canonical\" href=\"https:\/\/plavecke-jaslicky.sk\/sk\/prihlaska-a-kurzy\/\" \/>\n<meta property=\"og:locale\" content=\"sk_SK\" \/>\n<meta property=\"og:type\" content=\"article\" \/>\n<meta property=\"og:title\" content=\"Prihl\u00e1\u0161ka na plaveck\u00fd kurz pre deti - Plaveck\u00e9 Jasli\u010dky \u017dabka\" \/>\n<meta property=\"og:description\" content=\"Prihl\u00e1ste svoje die\u0165a na kurz pl\u00e1vania e\u0161te dnes. M\u00e1me viac ako 10 ro\u010dn\u00e9 sk\u00fasenosti s detsk\u00fdm pl\u00e1van\u00edm a sme dr\u017eite\u013emi mno\u017estva plaveck\u00fdch certifik\u00e1tov.\" \/>\n<meta property=\"og:url\" content=\"https:\/\/plavecke-jaslicky.sk\/sk\/prihlaska-a-kurzy\/\" \/>\n<meta property=\"og:site_name\" content=\"Plaveck\u00e9 Jasli\u010dky \u017dabka\" \/>\n<meta property=\"article:publisher\" content=\"https:\/\/www.facebook.com\/pages\/Healthy-Life-Style\/464258413736623\" \/>\n<meta property=\"article:modified_time\" content=\"2022-11-14T16:06:37+00:00\" \/>\n<meta property=\"og:image\" content=\"http:\/\/plavecke-jaslicky.sk\/wp-content\/uploads\/2016\/01\/logo_new.jpg\" \/>\n<meta name=\"twitter:card\" content=\"summary_large_image\" \/>\n<meta name=\"twitter:label1\" content=\"Predpokladan\u00fd \u010das \u010d\u00edtania\" \/>\n\t<meta name=\"twitter:data1\" content=\"3 min\u00faty\" \/>\n<script type=\"application\/ld+json\" class=\"yoast-schema-graph\">{\"@context\":\"https:\/\/schema.org\",\"@graph\":[{\"@type\":\"WebPage\",\"@id\":\"https:\/\/plavecke-jaslicky.sk\/sk\/prihlaska-a-kurzy\/\",\"url\":\"https:\/\/plavecke-jaslicky.sk\/sk\/prihlaska-a-kurzy\/\",\"name\":\"Prihl\u00e1\u0161ka na plaveck\u00fd kurz pre deti - Plaveck\u00e9 Jasli\u010dky \u017dabka\",\"isPartOf\":{\"@id\":\"https:\/\/plavecke-jaslicky.sk\/hu\/#website\"},\"primaryImageOfPage\":{\"@id\":\"https:\/\/plavecke-jaslicky.sk\/sk\/prihlaska-a-kurzy\/#primaryimage\"},\"image\":{\"@id\":\"https:\/\/plavecke-jaslicky.sk\/sk\/prihlaska-a-kurzy\/#primaryimage\"},\"thumbnailUrl\":\"http:\/\/plavecke-jaslicky.sk\/wp-content\/uploads\/2016\/01\/logo_new.jpg\",\"datePublished\":\"2016-01-20T05:24:15+00:00\",\"dateModified\":\"2022-11-14T16:06:37+00:00\",\"description\":\"Prihl\u00e1ste svoje die\u0165a na kurz pl\u00e1vania e\u0161te dnes. M\u00e1me viac ako 10 ro\u010dn\u00e9 sk\u00fasenosti s detsk\u00fdm pl\u00e1van\u00edm a sme dr\u017eite\u013emi mno\u017estva plaveck\u00fdch certifik\u00e1tov.\",\"breadcrumb\":{\"@id\":\"https:\/\/plavecke-jaslicky.sk\/sk\/prihlaska-a-kurzy\/#breadcrumb\"},\"inLanguage\":\"sk-SK\",\"potentialAction\":[{\"@type\":\"ReadAction\",\"target\":[\"https:\/\/plavecke-jaslicky.sk\/sk\/prihlaska-a-kurzy\/\"]}]},{\"@type\":\"ImageObject\",\"inLanguage\":\"sk-SK\",\"@id\":\"https:\/\/plavecke-jaslicky.sk\/sk\/prihlaska-a-kurzy\/#primaryimage\",\"url\":\"http:\/\/plavecke-jaslicky.sk\/wp-content\/uploads\/2016\/01\/logo_new.jpg\",\"contentUrl\":\"http:\/\/plavecke-jaslicky.sk\/wp-content\/uploads\/2016\/01\/logo_new.jpg\"},{\"@type\":\"BreadcrumbList\",\"@id\":\"https:\/\/plavecke-jaslicky.sk\/sk\/prihlaska-a-kurzy\/#breadcrumb\",\"itemListElement\":[{\"@type\":\"ListItem\",\"position\":1,\"name\":\"Home\",\"item\":\"https:\/\/plavecke-jaslicky.sk\/sk\/\"},{\"@type\":\"ListItem\",\"position\":2,\"name\":\"Prihl\u00e1\u0161ka a kurzy\"}]},{\"@type\":\"WebSite\",\"@id\":\"https:\/\/plavecke-jaslicky.sk\/hu\/#website\",\"url\":\"https:\/\/plavecke-jaslicky.sk\/hu\/\",\"name\":\"Plavecke Jasli\u010dky \u017dabka\",\"description\":\"\",\"publisher\":{\"@id\":\"https:\/\/plavecke-jaslicky.sk\/hu\/#organization\"},\"potentialAction\":[{\"@type\":\"SearchAction\",\"target\":{\"@type\":\"EntryPoint\",\"urlTemplate\":\"https:\/\/plavecke-jaslicky.sk\/hu\/?s={search_term_string}\"},\"query-input\":{\"@type\":\"PropertyValueSpecification\",\"valueRequired\":true,\"valueName\":\"search_term_string\"}}],\"inLanguage\":\"sk-SK\"},{\"@type\":\"Organization\",\"@id\":\"https:\/\/plavecke-jaslicky.sk\/hu\/#organization\",\"name\":\"Plaveck\u00e9 jasli\u010dky \u017eabka\",\"url\":\"https:\/\/plavecke-jaslicky.sk\/hu\/\",\"logo\":{\"@type\":\"ImageObject\",\"inLanguage\":\"sk-SK\",\"@id\":\"https:\/\/plavecke-jaslicky.sk\/hu\/#\/schema\/logo\/image\/\",\"url\":\"https:\/\/plavecke-jaslicky.sk\/wp-content\/uploads\/2016\/05\/zabka-logo-transparent.png\",\"contentUrl\":\"https:\/\/plavecke-jaslicky.sk\/wp-content\/uploads\/2016\/05\/zabka-logo-transparent.png\",\"width\":127,\"height\":150,\"caption\":\"Plaveck\u00e9 jasli\u010dky \u017eabka\"},\"image\":{\"@id\":\"https:\/\/plavecke-jaslicky.sk\/hu\/#\/schema\/logo\/image\/\"},\"sameAs\":[\"https:\/\/www.facebook.com\/pages\/Healthy-Life-Style\/464258413736623\"]}]}<\/script>\n<!-- \/ Yoast SEO plugin. -->","yoast_head_json":{"title":"Prihl\u00e1\u0161ka na plaveck\u00fd kurz pre deti - Plaveck\u00e9 Jasli\u010dky \u017dabka","description":"Prihl\u00e1ste svoje die\u0165a na kurz pl\u00e1vania e\u0161te dnes. M\u00e1me viac ako 10 ro\u010dn\u00e9 sk\u00fasenosti s detsk\u00fdm pl\u00e1van\u00edm a sme dr\u017eite\u013emi mno\u017estva plaveck\u00fdch certifik\u00e1tov.","robots":{"index":"index","follow":"follow","max-snippet":"max-snippet:-1","max-image-preview":"max-image-preview:large","max-video-preview":"max-video-preview:-1"},"canonical":"https:\/\/plavecke-jaslicky.sk\/sk\/prihlaska-a-kurzy\/","og_locale":"sk_SK","og_type":"article","og_title":"Prihl\u00e1\u0161ka na plaveck\u00fd kurz pre deti - Plaveck\u00e9 Jasli\u010dky \u017dabka","og_description":"Prihl\u00e1ste svoje die\u0165a na kurz pl\u00e1vania e\u0161te dnes. M\u00e1me viac ako 10 ro\u010dn\u00e9 sk\u00fasenosti s detsk\u00fdm pl\u00e1van\u00edm a sme dr\u017eite\u013emi mno\u017estva plaveck\u00fdch certifik\u00e1tov.","og_url":"https:\/\/plavecke-jaslicky.sk\/sk\/prihlaska-a-kurzy\/","og_site_name":"Plaveck\u00e9 Jasli\u010dky \u017dabka","article_publisher":"https:\/\/www.facebook.com\/pages\/Healthy-Life-Style\/464258413736623","article_modified_time":"2022-11-14T16:06:37+00:00","og_image":[{"url":"http:\/\/plavecke-jaslicky.sk\/wp-content\/uploads\/2016\/01\/logo_new.jpg"}],"twitter_card":"summary_large_image","twitter_misc":{"Predpokladan\u00fd \u010das \u010d\u00edtania":"3 min\u00faty"},"schema":{"@context":"https:\/\/schema.org","@graph":[{"@type":"WebPage","@id":"https:\/\/plavecke-jaslicky.sk\/sk\/prihlaska-a-kurzy\/","url":"https:\/\/plavecke-jaslicky.sk\/sk\/prihlaska-a-kurzy\/","name":"Prihl\u00e1\u0161ka na plaveck\u00fd kurz pre deti - Plaveck\u00e9 Jasli\u010dky \u017dabka","isPartOf":{"@id":"https:\/\/plavecke-jaslicky.sk\/hu\/#website"},"primaryImageOfPage":{"@id":"https:\/\/plavecke-jaslicky.sk\/sk\/prihlaska-a-kurzy\/#primaryimage"},"image":{"@id":"https:\/\/plavecke-jaslicky.sk\/sk\/prihlaska-a-kurzy\/#primaryimage"},"thumbnailUrl":"http:\/\/plavecke-jaslicky.sk\/wp-content\/uploads\/2016\/01\/logo_new.jpg","datePublished":"2016-01-20T05:24:15+00:00","dateModified":"2022-11-14T16:06:37+00:00","description":"Prihl\u00e1ste svoje die\u0165a na kurz pl\u00e1vania e\u0161te dnes. M\u00e1me viac ako 10 ro\u010dn\u00e9 sk\u00fasenosti s detsk\u00fdm pl\u00e1van\u00edm a sme dr\u017eite\u013emi mno\u017estva plaveck\u00fdch certifik\u00e1tov.","breadcrumb":{"@id":"https:\/\/plavecke-jaslicky.sk\/sk\/prihlaska-a-kurzy\/#breadcrumb"},"inLanguage":"sk-SK","potentialAction":[{"@type":"ReadAction","target":["https:\/\/plavecke-jaslicky.sk\/sk\/prihlaska-a-kurzy\/"]}]},{"@type":"ImageObject","inLanguage":"sk-SK","@id":"https:\/\/plavecke-jaslicky.sk\/sk\/prihlaska-a-kurzy\/#primaryimage","url":"http:\/\/plavecke-jaslicky.sk\/wp-content\/uploads\/2016\/01\/logo_new.jpg","contentUrl":"http:\/\/plavecke-jaslicky.sk\/wp-content\/uploads\/2016\/01\/logo_new.jpg"},{"@type":"BreadcrumbList","@id":"https:\/\/plavecke-jaslicky.sk\/sk\/prihlaska-a-kurzy\/#breadcrumb","itemListElement":[{"@type":"ListItem","position":1,"name":"Home","item":"https:\/\/plavecke-jaslicky.sk\/sk\/"},{"@type":"ListItem","position":2,"name":"Prihl\u00e1\u0161ka a kurzy"}]},{"@type":"WebSite","@id":"https:\/\/plavecke-jaslicky.sk\/hu\/#website","url":"https:\/\/plavecke-jaslicky.sk\/hu\/","name":"Plavecke Jasli\u010dky \u017dabka","description":"","publisher":{"@id":"https:\/\/plavecke-jaslicky.sk\/hu\/#organization"},"potentialAction":[{"@type":"SearchAction","target":{"@type":"EntryPoint","urlTemplate":"https:\/\/plavecke-jaslicky.sk\/hu\/?s={search_term_string}"},"query-input":{"@type":"PropertyValueSpecification","valueRequired":true,"valueName":"search_term_string"}}],"inLanguage":"sk-SK"},{"@type":"Organization","@id":"https:\/\/plavecke-jaslicky.sk\/hu\/#organization","name":"Plaveck\u00e9 jasli\u010dky \u017eabka","url":"https:\/\/plavecke-jaslicky.sk\/hu\/","logo":{"@type":"ImageObject","inLanguage":"sk-SK","@id":"https:\/\/plavecke-jaslicky.sk\/hu\/#\/schema\/logo\/image\/","url":"https:\/\/plavecke-jaslicky.sk\/wp-content\/uploads\/2016\/05\/zabka-logo-transparent.png","contentUrl":"https:\/\/plavecke-jaslicky.sk\/wp-content\/uploads\/2016\/05\/zabka-logo-transparent.png","width":127,"height":150,"caption":"Plaveck\u00e9 jasli\u010dky \u017eabka"},"image":{"@id":"https:\/\/plavecke-jaslicky.sk\/hu\/#\/schema\/logo\/image\/"},"sameAs":["https:\/\/www.facebook.com\/pages\/Healthy-Life-Style\/464258413736623"]}]}},"_links":{"self":[{"href":"https:\/\/plavecke-jaslicky.sk\/sk\/wp-json\/wp\/v2\/pages\/12744"}],"collection":[{"href":"https:\/\/plavecke-jaslicky.sk\/sk\/wp-json\/wp\/v2\/pages"}],"about":[{"href":"https:\/\/plavecke-jaslicky.sk\/sk\/wp-json\/wp\/v2\/types\/page"}],"author":[{"embeddable":true,"href":"https:\/\/plavecke-jaslicky.sk\/sk\/wp-json\/wp\/v2\/users\/1"}],"replies":[{"embeddable":true,"href":"https:\/\/plavecke-jaslicky.sk\/sk\/wp-json\/wp\/v2\/comments?post=12744"}],"version-history":[{"count":8,"href":"https:\/\/plavecke-jaslicky.sk\/sk\/wp-json\/wp\/v2\/pages\/12744\/revisions"}],"predecessor-version":[{"id":14622,"href":"https:\/\/plavecke-jaslicky.sk\/sk\/wp-json\/wp\/v2\/pages\/12744\/revisions\/14622"}],"wp:attachment":[{"href":"https:\/\/plavecke-jaslicky.sk\/sk\/wp-json\/wp\/v2\/media?parent=12744"}],"curies":[{"name":"wp","href":"https:\/\/api.w.org\/{rel}","templated":true}]}}