{"id":14855,"date":"2020-03-10T12:32:33","date_gmt":"2020-03-10T12:32:33","guid":{"rendered":"https:\/\/plavecke-jaslicky.sk\/darcekovy-poukaz\/"},"modified":"2022-12-04T15:03:44","modified_gmt":"2022-12-04T15:03:44","slug":"ajandek-utalvany","status":"publish","type":"page","link":"https:\/\/plavecke-jaslicky.sk\/hu\/ajandek-utalvany\/","title":{"rendered":"Aj\u00e1nd\u00e9k utalv\u00e1ny"},"content":{"rendered":"<p><div class=\"fusion-fullwidth fullwidth-box fusion-builder-row-1 nonhundred-percent-fullwidth non-hundred-percent-height-scrolling\" style=\"background-color: rgba(255,255,255,0);background-position: center center;background-repeat: no-repeat;padding-top:0px;padding-right:0px;padding-bottom:0px;padding-left:0px;margin-bottom: 0px;margin-top: 0px;border-width: 0px 0px 0px 0px;border-color:#eae9e9;border-style:solid;\" ><div class=\"fusion-builder-row fusion-row\"><div class=\"fusion-layout-column fusion_builder_column fusion-builder-column-0 fusion_builder_column_1_1 1_1 fusion-one-full fusion-column-first fusion-column-last\" style=\"margin-top:0px;margin-bottom:20px;\"><div class=\"fusion-column-wrapper fusion-flex-column-wrapper-legacy\" style=\"background-position:left top;background-repeat:no-repeat;-webkit-background-size:cover;-moz-background-size:cover;-o-background-size:cover;background-size:cover;padding: 0px 0px 0px 0px;\"><div class=\"fusion-text fusion-text-1\"><h3><strong>T\u00f6k\u00e9letes aj\u00e1nd\u00e9kot keres kisgyermekes anyuk\u00e1knak?<\/strong><\/h3>\n<p>Valamit ami biztosan tetszeni fog \u00e9s mosolyt csalnak vele gyermek\u00fck arc\u00e1ra? Az \u00fasz\u00f3tanfolyam gyermekeknek a legszebb aj\u00e1ndek bar\u00e1tn\u0151j\u00e9nek, l\u00e1ny\u00e1nak, unok\u00e1j\u00e1nak. K\u00e9sz\u00fclj\u00f6n fel arra a le\u00edrhatatlan boldogs\u00e1gra, mikor megl\u00e1tj\u00e1k hogy az anyuka \u00e9s bab\u00e1ja k\u00f6z\u00f6tt elv\u00e1laszthatatlan k\u00f6t\u0151d\u00e9s alakul ki \u00e9s ez a k\u00f6t\u0151d\u00e9s minden \u00f3r\u00e1val amit a medenc\u00e9ben t\u00f6ltenek egyre er\u0151sebb.<\/p>\n<\/div><div class=\"fusion-clearfix\"><\/div><\/div><\/div><\/div><\/div><div class=\"fusion-fullwidth fullwidth-box fusion-builder-row-2 nonhundred-percent-fullwidth non-hundred-percent-height-scrolling\" style=\"background-color: rgba(255,255,255,0);background-position: center center;background-repeat: no-repeat;padding-top:0px;padding-right:0px;padding-bottom:0px;padding-left:0px;margin-bottom: 0px;margin-top: 0px;border-width: 0px 0px 0px 0px;border-color:#eae9e9;border-style:solid;\" ><div class=\"fusion-builder-row fusion-row\"><div class=\"fusion-layout-column fusion_builder_column fusion-builder-column-1 fusion_builder_column_1_2 1_2 fusion-one-half fusion-column-first\" style=\"width:50%;width:calc(50% - ( ( 4% ) * 0.5 ) );margin-right: 4%;margin-top:0px;margin-bottom:20px;\"><div class=\"fusion-column-wrapper fusion-flex-column-wrapper-legacy\" style=\"background-position:left top;background-repeat:no-repeat;-webkit-background-size:cover;-moz-background-size:cover;-o-background-size:cover;background-size:cover;padding: 0px 0px 0px 0px;\"><div class=\"fusion-text fusion-text-2\"><h3><strong>Amit kapnak:<\/strong><\/h3>\n<\/div><ul class=\"fusion-checklist fusion-checklist-1\" style=\"font-size:15px;line-height:25.5px;\"><li class=\"fusion-li-item\"><span style=\"background-color:#a0ce4e;font-size:13.2px;height:25.5px;width:25.5px;margin-right:10.5px;\" class=\"icon-wrapper circle-yes\"><i class=\"fusion-li-icon fa-chevron-right fas\" style=\"color:#ffffff;\" aria-hidden=\"true\"><\/i><\/span><div class=\"fusion-li-item-content\" style=\"margin-left:36px;\">Nem csak egy szem\u00e9lyt aj\u00e1nd\u00e9koznak meg, hanem r\u00f6gt\u00f6n kett\u0151t.<\/div><\/li><li class=\"fusion-li-item\"><span style=\"background-color:#a0ce4e;font-size:13.2px;height:25.5px;width:25.5px;margin-right:10.5px;\" class=\"icon-wrapper circle-yes\"><i class=\"fusion-li-icon fa-chevron-right fas\" style=\"color:#ffffff;\" aria-hidden=\"true\"><\/i><\/span><div class=\"fusion-li-item-content\" style=\"margin-left:36px;\">Meger\u0151s\u00f6dik a k\u00f6t\u0151d\u00e9s anyuka \u00e9s gyermeke k\u00f6z\u00f6tt.<\/div><\/li><li class=\"fusion-li-item\"><span style=\"background-color:#a0ce4e;font-size:13.2px;height:25.5px;width:25.5px;margin-right:10.5px;\" class=\"icon-wrapper circle-yes\"><i class=\"fusion-li-icon fa-chevron-right fas\" style=\"color:#ffffff;\" aria-hidden=\"true\"><\/i><\/span><div class=\"fusion-li-item-content\" style=\"margin-left:36px;\">A k\u00e9t legfontosabb embert eg\u00e9szs\u00e9gesebb\u00e9 \u00e9s boldogabb\u00e1 teheti.<\/div><\/li><li class=\"fusion-li-item\"><span style=\"background-color:#a0ce4e;font-size:13.2px;height:25.5px;width:25.5px;margin-right:10.5px;\" class=\"icon-wrapper circle-yes\"><i class=\"fusion-li-icon fa-chevron-right fas\" style=\"color:#ffffff;\" aria-hidden=\"true\"><\/i><\/span><div class=\"fusion-li-item-content\" style=\"margin-left:36px;\">A gyermek \u00e9s anyuka \u00faj bar\u00e1ts\u00e1gokra tesznek szert, ami egy \u00e9letre sz\u00f3l.<\/div><\/li><li class=\"fusion-li-item\"><span style=\"background-color:#a0ce4e;font-size:13.2px;height:25.5px;width:25.5px;margin-right:10.5px;\" class=\"icon-wrapper circle-yes\"><i class=\"fusion-li-icon fa-chevron-right fas\" style=\"color:#ffffff;\" aria-hidden=\"true\"><\/i><\/span><div class=\"fusion-li-item-content\" style=\"margin-left:36px;\">A baba \u00e9letvid\u00e1mabb, \u00e9rdekl\u0151d\u0151bb \u00e9s boldogabb lessz.<\/div><\/li><\/ul><div class=\"fusion-clearfix\"><\/div><\/div><\/div><div class=\"fusion-layout-column fusion_builder_column fusion-builder-column-2 fusion_builder_column_1_2 1_2 fusion-one-half fusion-column-last\" style=\"width:50%;width:calc(50% - ( ( 4% ) * 0.5 ) );margin-top:0px;margin-bottom:20px;\"><div class=\"fusion-column-wrapper fusion-flex-column-wrapper-legacy\" style=\"background-position:left top;background-repeat:no-repeat;-webkit-background-size:cover;-moz-background-size:cover;-o-background-size:cover;background-size:cover;padding: 0px 0px 0px 0px;\"><span class=\" fusion-imageframe imageframe-none imageframe-1 hover-type-none\"><img decoding=\"async\" width=\"500\" height=\"320\" title=\"darcekovy-poukaz\" src=\"https:\/\/plavecke-jaslicky.sk\/wp-content\/uploads\/2022\/12\/darcekovy-poukaz.jpg\" class=\"img-responsive wp-image-14940\" srcset=\"https:\/\/plavecke-jaslicky.sk\/wp-content\/uploads\/2022\/12\/darcekovy-poukaz-200x128.jpg 200w, https:\/\/plavecke-jaslicky.sk\/wp-content\/uploads\/2022\/12\/darcekovy-poukaz-400x256.jpg 400w, https:\/\/plavecke-jaslicky.sk\/wp-content\/uploads\/2022\/12\/darcekovy-poukaz.jpg 500w\" sizes=\"(max-width: 800px) 100vw, 500px\" \/><\/span><div class=\"fusion-clearfix\"><\/div><\/div><\/div><\/div><\/div><div class=\"fusion-fullwidth fullwidth-box fusion-builder-row-3 nonhundred-percent-fullwidth non-hundred-percent-height-scrolling\" style=\"background-color: rgba(255,255,255,0);background-position: center center;background-repeat: no-repeat;padding-top:0px;padding-right:0px;padding-bottom:0px;padding-left:0px;margin-bottom: 0px;margin-top: 0px;border-width: 0px 0px 0px 0px;border-color:#eae9e9;border-style:solid;\" ><div class=\"fusion-builder-row fusion-row\"><div class=\"fusion-layout-column fusion_builder_column fusion-builder-column-3 fusion_builder_column_1_1 1_1 fusion-one-full fusion-column-first fusion-column-last\" style=\"margin-top:0px;margin-bottom:20px;\"><div class=\"fusion-column-wrapper fusion-flex-column-wrapper-legacy\" style=\"background-position:left top;background-repeat:no-repeat;-webkit-background-size:cover;-moz-background-size:cover;-o-background-size:cover;background-size:cover;padding: 0px 0px 0px 0px;\"><div class=\"fusion-text fusion-text-3\"><h3><strong>Ne halogassa a utalv\u00e1ny megv\u00e1s\u00e1rl\u00e1s\u00e1t az utols\u00f3 pillanatra. T\u00f6ltse ki a jelentkez\u00e9st m\u00e9g ma!<\/strong><\/h3>\n<h3>A tanfolyam \u00e1ra 132 eur\u00f3<\/h3>\n<h3>Banksz\u00e1mlasz\u00e1m: 2613065455\/1100<\/h3>\n<h3>IBAN: SK9211000000002613065455<\/h3>\n<h3>BIC\/SWIFT: TATRSKBXXXX<\/h3>\n<\/div><div class=\"fusion-clearfix\"><\/div><\/div><\/div><\/div><\/div><div class=\"fusion-fullwidth fullwidth-box fusion-builder-row-4 nonhundred-percent-fullwidth non-hundred-percent-height-scrolling\" style=\"background-color: rgba(255,255,255,0);background-position: center center;background-repeat: no-repeat;padding-top:0px;padding-right:0px;padding-bottom:0px;padding-left:0px;margin-bottom: 0px;margin-top: 0px;border-width: 0px 0px 0px 0px;border-color:#eae9e9;border-style:solid;\" ><div class=\"fusion-builder-row fusion-row\"><div class=\"fusion-layout-column fusion_builder_column fusion-builder-column-4 fusion_builder_column_1_1 1_1 fusion-one-full fusion-column-first fusion-column-last\" style=\"margin-top:0px;margin-bottom:20px;\"><div class=\"fusion-column-wrapper fusion-flex-column-wrapper-legacy\" style=\"background-position:left top;background-repeat:no-repeat;-webkit-background-size:cover;-moz-background-size:cover;-o-background-size:cover;background-size:cover;padding: 0px 0px 0px 0px;\">\n<div class=\"wpcf7 no-js\" id=\"wpcf7-f14857-o1\" lang=\"en-US\" dir=\"ltr\">\n<div class=\"screen-reader-response\"><p role=\"status\" aria-live=\"polite\" aria-atomic=\"true\"><\/p> <ul><\/ul><\/div>\n<form action=\"\/hu\/wp-json\/wp\/v2\/pages\/14855#wpcf7-f14857-o1\" method=\"post\" class=\"wpcf7-form init wpcf7-acceptance-as-validation\" aria-label=\"Contact form\" novalidate=\"novalidate\" data-status=\"init\">\n<div style=\"display: none;\">\n<input type=\"hidden\" name=\"_wpcf7\" value=\"14857\" \/>\n<input type=\"hidden\" name=\"_wpcf7_version\" value=\"5.9.8\" \/>\n<input type=\"hidden\" name=\"_wpcf7_locale\" value=\"en_US\" \/>\n<input type=\"hidden\" name=\"_wpcf7_unit_tag\" value=\"wpcf7-f14857-o1\" \/>\n<input type=\"hidden\" name=\"_wpcf7_container_post\" value=\"0\" \/>\n<input type=\"hidden\" name=\"_wpcf7_posted_data_hash\" value=\"\" \/>\n<input type=\"hidden\" name=\"_wpcf7_recaptcha_response\" value=\"\" \/>\n<\/div>\n<p><label><\/label>\n<\/p>\n<p>A gyermek teljes neve\n<\/p>\n<p><span class=\"wpcf7-form-control-wrap\" data-name=\"meno-dieta\"><input size=\"40\" maxlength=\"400\" class=\"wpcf7-form-control wpcf7-text wpcf7-validates-as-required\" aria-required=\"true\" aria-invalid=\"false\" value=\"\" type=\"text\" name=\"meno-dieta\" \/><\/span>\n<\/p>\n<p><label><\/label>\n<\/p>\n<p>A sz\u00fcl\u0151 teljes neve\n<\/p>\n<p><span class=\"wpcf7-form-control-wrap\" data-name=\"meno-rodic\"><input size=\"40\" maxlength=\"400\" class=\"wpcf7-form-control wpcf7-text wpcf7-validates-as-required\" aria-required=\"true\" aria-invalid=\"false\" value=\"\" type=\"text\" name=\"meno-rodic\" \/><\/span>\n<\/p>\n<p><label> <\/label>\n<\/p>\n<p>Fizet\u00e9si m\u00f3d\n<\/p>\n<p><span class=\"wpcf7-form-control-wrap\" data-name=\"platba\"><select class=\"wpcf7-form-control wpcf7-select wpcf7-validates-as-required\" aria-required=\"true\" aria-invalid=\"false\" name=\"platba\"><option value=\"\"><\/option><option value=\"Zaplat\u00edm prevodom 132\u20ac\">Zaplat\u00edm prevodom 132\u20ac<\/option><option value=\"Zaplat\u00edm dobierkou 132\u20ac\">Zaplat\u00edm dobierkou 132\u20ac<\/option><option value=\"Zaplat\u00edm osobne na prev\u00e1dzke v NZ 132\u20ac\">Zaplat\u00edm osobne na prev\u00e1dzke v NZ 132\u20ac<\/option><\/select><\/span>\n<\/p>\n<p><label> <\/label>\n<\/p>\n<p>Telefonsz\u00e1m\n<\/p>\n<p><span class=\"wpcf7-form-control-wrap\" data-name=\"tel\"><input size=\"40\" maxlength=\"400\" class=\"wpcf7-form-control wpcf7-tel wpcf7-validates-as-required wpcf7-text wpcf7-validates-as-tel\" aria-required=\"true\" aria-invalid=\"false\" value=\"\" type=\"tel\" name=\"tel\" \/><\/span><br \/>\n<label> <\/label>\n<\/p>\n<p>E-mail\n<\/p>\n<p><span class=\"wpcf7-form-control-wrap\" data-name=\"email\"><input size=\"40\" maxlength=\"400\" class=\"wpcf7-form-control wpcf7-email wpcf7-validates-as-required wpcf7-text wpcf7-validates-as-email\" aria-required=\"true\" aria-invalid=\"false\" value=\"\" type=\"email\" name=\"email\" \/><\/span><br \/>\n<label> <\/label>\n<\/p>\n<p>Lakc\u00edm\n<\/p>\n<p><span class=\"wpcf7-form-control-wrap\" data-name=\"adresa\"><textarea cols=\"40\" rows=\"10\" maxlength=\"2000\" class=\"wpcf7-form-control wpcf7-textarea\" aria-invalid=\"false\" name=\"adresa\"><\/textarea><\/span><span id=\"wpcf7-69ed20263e062-wrapper\" class=\"wpcf7-form-control-wrap psc-wrap\" style=\"display:none !important; visibility:hidden !important;\"><label for=\"wpcf7-69ed20263e062-field\" class=\"hp-message\">Please leave this field empty.<\/label><input id=\"wpcf7-69ed20263e062-field\"  class=\"wpcf7-form-control wpcf7-text\" type=\"text\" name=\"psc\" value=\"\" size=\"40\" tabindex=\"-1\" autocomplete=\"new-password\" \/><\/span>\n<\/p>\n<p><span class=\"wpcf7-form-control-wrap\" data-name=\"GDPR\"><span class=\"wpcf7-form-control wpcf7-acceptance\"><span class=\"wpcf7-list-item\"><label><input type=\"checkbox\" name=\"GDPR\" value=\"1\" aria-invalid=\"false\" \/><span class=\"wpcf7-list-item-label\">Elolvastam \u00e9s elfogadom a szem\u00e9lyes adatok <a href=\"\/wp-content\/uploads\/2022\/11\/Zasady_ochrany_osobnych_udajov_v-sulade_s_GDPR_HU.pdf\" target=\"_Blank\">v\u00e9delm\u00e9re vonatkoz\u00f3 szab\u00e1lyzato<\/a>.<\/span><\/label><\/span><\/span><\/span>\n<\/p>\n<p><input class=\"wpcf7-form-control wpcf7-submit has-spinner\" type=\"submit\" value=\"Aj\u00e1nd\u00e9kutalv\u00e1ny megv\u00e1s\u00e1rl\u00e1sa\" \/>\n<\/p><div class=\"fusion-alert alert custom alert-custom fusion-alert-center wpcf7-response-output fusion-alert-capitalize alert-dismissable\" style=\"border-width:1px;\"><button type=\"button\" class=\"close toggle-alert\" data-dismiss=\"alert\" aria-label=\"Close\">&times;<\/button><div class=\"fusion-alert-content-wrapper\"><span class=\"fusion-alert-content\"><\/span><\/div><\/div>\n<\/form>\n<\/div>\n<div class=\"fusion-clearfix\"><\/div><\/div><\/div><\/div><\/div><\/p>\n","protected":false},"excerpt":{"rendered":"","protected":false},"author":2,"featured_media":14984,"parent":0,"menu_order":0,"comment_status":"closed","ping_status":"closed","template":"","meta":{"footnotes":""},"class_list":["post-14855","page","type-page","status-publish","has-post-thumbnail","hentry"],"yoast_head":"<!-- This site is optimized with the Yoast SEO plugin v23.5 - https:\/\/yoast.com\/wordpress\/plugins\/seo\/ -->\n<title>Dar\u010dekov\u00fd poukaz na kurzy pl\u00e1vania pre deti|Plaveck\u00e9 jasli\u010dky \u017dabka<\/title>\n<meta name=\"description\" content=\"Dar\u010dekov\u00fd poukaz na kurzy na pl\u00e1vanie pre b\u00e1b\u00e4tk\u00e1. Plaveck\u00e9 jasli\u010dky \u017dabka - najlep\u0161ia plaveck\u00e1 akad\u00e9mia pre b\u00e1b\u00e4tk\u00e1 a deti. Poukaz k\u00fapite tu.\" \/>\n<meta name=\"robots\" content=\"index, follow, max-snippet:-1, max-image-preview:large, max-video-preview:-1\" \/>\n<link rel=\"canonical\" href=\"https:\/\/plavecke-jaslicky.sk\/hu\/ajandek-utalvany\/\" \/>\n<meta property=\"og:locale\" content=\"hu_HU\" \/>\n<meta property=\"og:type\" content=\"article\" \/>\n<meta property=\"og:title\" content=\"Dar\u010dekov\u00fd poukaz na kurzy pl\u00e1vania pre deti|Plaveck\u00e9 jasli\u010dky \u017dabka\" \/>\n<meta property=\"og:description\" content=\"Dar\u010dekov\u00fd poukaz na kurzy na pl\u00e1vanie pre b\u00e1b\u00e4tk\u00e1. Plaveck\u00e9 jasli\u010dky \u017dabka - najlep\u0161ia plaveck\u00e1 akad\u00e9mia pre b\u00e1b\u00e4tk\u00e1 a deti. Poukaz k\u00fapite tu.\" \/>\n<meta property=\"og:url\" content=\"https:\/\/plavecke-jaslicky.sk\/hu\/ajandek-utalvany\/\" \/>\n<meta property=\"og:site_name\" content=\"Plaveck\u00e9 Jasli\u010dky \u017dabka\" \/>\n<meta property=\"article:publisher\" content=\"https:\/\/www.facebook.com\/pages\/Healthy-Life-Style\/464258413736623\" \/>\n<meta property=\"article:modified_time\" content=\"2022-12-04T15:03:44+00:00\" \/>\n<meta property=\"og:image\" content=\"https:\/\/plavecke-jaslicky.sk\/wp-content\/uploads\/2022\/12\/HU-darc\u030cekovy-poukaz-1.jpg\" \/>\n\t<meta property=\"og:image:width\" content=\"1920\" \/>\n\t<meta property=\"og:image:height\" content=\"1080\" \/>\n\t<meta property=\"og:image:type\" content=\"image\/jpeg\" \/>\n<meta name=\"twitter:card\" content=\"summary_large_image\" \/>\n<meta name=\"twitter:label1\" content=\"Becs\u00fclt olvas\u00e1si id\u0151\" \/>\n\t<meta name=\"twitter:data1\" content=\"4 perc\" \/>\n<script type=\"application\/ld+json\" class=\"yoast-schema-graph\">{\"@context\":\"https:\/\/schema.org\",\"@graph\":[{\"@type\":\"WebPage\",\"@id\":\"https:\/\/plavecke-jaslicky.sk\/hu\/ajandek-utalvany\/\",\"url\":\"https:\/\/plavecke-jaslicky.sk\/hu\/ajandek-utalvany\/\",\"name\":\"Dar\u010dekov\u00fd poukaz na kurzy pl\u00e1vania pre deti|Plaveck\u00e9 jasli\u010dky \u017dabka\",\"isPartOf\":{\"@id\":\"https:\/\/plavecke-jaslicky.sk\/hu\/#website\"},\"primaryImageOfPage\":{\"@id\":\"https:\/\/plavecke-jaslicky.sk\/hu\/ajandek-utalvany\/#primaryimage\"},\"image\":{\"@id\":\"https:\/\/plavecke-jaslicky.sk\/hu\/ajandek-utalvany\/#primaryimage\"},\"thumbnailUrl\":\"https:\/\/plavecke-jaslicky.sk\/wp-content\/uploads\/2022\/12\/HU-darc\u030cekovy-poukaz-1.jpg\",\"datePublished\":\"2020-03-10T12:32:33+00:00\",\"dateModified\":\"2022-12-04T15:03:44+00:00\",\"description\":\"Dar\u010dekov\u00fd poukaz na kurzy na pl\u00e1vanie pre b\u00e1b\u00e4tk\u00e1. Plaveck\u00e9 jasli\u010dky \u017dabka - najlep\u0161ia plaveck\u00e1 akad\u00e9mia pre b\u00e1b\u00e4tk\u00e1 a deti. Poukaz k\u00fapite tu.\",\"breadcrumb\":{\"@id\":\"https:\/\/plavecke-jaslicky.sk\/hu\/ajandek-utalvany\/#breadcrumb\"},\"inLanguage\":\"hu\",\"potentialAction\":[{\"@type\":\"ReadAction\",\"target\":[\"https:\/\/plavecke-jaslicky.sk\/hu\/ajandek-utalvany\/\"]}]},{\"@type\":\"ImageObject\",\"inLanguage\":\"hu\",\"@id\":\"https:\/\/plavecke-jaslicky.sk\/hu\/ajandek-utalvany\/#primaryimage\",\"url\":\"https:\/\/plavecke-jaslicky.sk\/wp-content\/uploads\/2022\/12\/HU-darc\u030cekovy-poukaz-1.jpg\",\"contentUrl\":\"https:\/\/plavecke-jaslicky.sk\/wp-content\/uploads\/2022\/12\/HU-darc\u030cekovy-poukaz-1.jpg\",\"width\":1920,\"height\":1080,\"caption\":\"Aj\u00e1nd\u00e9kutalv\u00e1ny\"},{\"@type\":\"BreadcrumbList\",\"@id\":\"https:\/\/plavecke-jaslicky.sk\/hu\/ajandek-utalvany\/#breadcrumb\",\"itemListElement\":[{\"@type\":\"ListItem\",\"position\":1,\"name\":\"Home\",\"item\":\"https:\/\/plavecke-jaslicky.sk\/hu\/\"},{\"@type\":\"ListItem\",\"position\":2,\"name\":\"Aj\u00e1nd\u00e9k utalv\u00e1ny\"}]},{\"@type\":\"WebSite\",\"@id\":\"https:\/\/plavecke-jaslicky.sk\/hu\/#website\",\"url\":\"https:\/\/plavecke-jaslicky.sk\/hu\/\",\"name\":\"Plavecke Jasli\u010dky \u017dabka\",\"description\":\"\",\"publisher\":{\"@id\":\"https:\/\/plavecke-jaslicky.sk\/hu\/#organization\"},\"potentialAction\":[{\"@type\":\"SearchAction\",\"target\":{\"@type\":\"EntryPoint\",\"urlTemplate\":\"https:\/\/plavecke-jaslicky.sk\/hu\/?s={search_term_string}\"},\"query-input\":{\"@type\":\"PropertyValueSpecification\",\"valueRequired\":true,\"valueName\":\"search_term_string\"}}],\"inLanguage\":\"hu\"},{\"@type\":\"Organization\",\"@id\":\"https:\/\/plavecke-jaslicky.sk\/hu\/#organization\",\"name\":\"Plaveck\u00e9 jasli\u010dky \u017eabka\",\"url\":\"https:\/\/plavecke-jaslicky.sk\/hu\/\",\"logo\":{\"@type\":\"ImageObject\",\"inLanguage\":\"hu\",\"@id\":\"https:\/\/plavecke-jaslicky.sk\/hu\/#\/schema\/logo\/image\/\",\"url\":\"https:\/\/plavecke-jaslicky.sk\/wp-content\/uploads\/2016\/05\/zabka-logo-transparent.png\",\"contentUrl\":\"https:\/\/plavecke-jaslicky.sk\/wp-content\/uploads\/2016\/05\/zabka-logo-transparent.png\",\"width\":127,\"height\":150,\"caption\":\"Plaveck\u00e9 jasli\u010dky \u017eabka\"},\"image\":{\"@id\":\"https:\/\/plavecke-jaslicky.sk\/hu\/#\/schema\/logo\/image\/\"},\"sameAs\":[\"https:\/\/www.facebook.com\/pages\/Healthy-Life-Style\/464258413736623\"]}]}<\/script>\n<!-- \/ Yoast SEO plugin. -->","yoast_head_json":{"title":"Dar\u010dekov\u00fd poukaz na kurzy pl\u00e1vania pre deti|Plaveck\u00e9 jasli\u010dky \u017dabka","description":"Dar\u010dekov\u00fd poukaz na kurzy na pl\u00e1vanie pre b\u00e1b\u00e4tk\u00e1. Plaveck\u00e9 jasli\u010dky \u017dabka - najlep\u0161ia plaveck\u00e1 akad\u00e9mia pre b\u00e1b\u00e4tk\u00e1 a deti. Poukaz k\u00fapite tu.","robots":{"index":"index","follow":"follow","max-snippet":"max-snippet:-1","max-image-preview":"max-image-preview:large","max-video-preview":"max-video-preview:-1"},"canonical":"https:\/\/plavecke-jaslicky.sk\/hu\/ajandek-utalvany\/","og_locale":"hu_HU","og_type":"article","og_title":"Dar\u010dekov\u00fd poukaz na kurzy pl\u00e1vania pre deti|Plaveck\u00e9 jasli\u010dky \u017dabka","og_description":"Dar\u010dekov\u00fd poukaz na kurzy na pl\u00e1vanie pre b\u00e1b\u00e4tk\u00e1. Plaveck\u00e9 jasli\u010dky \u017dabka - najlep\u0161ia plaveck\u00e1 akad\u00e9mia pre b\u00e1b\u00e4tk\u00e1 a deti. Poukaz k\u00fapite tu.","og_url":"https:\/\/plavecke-jaslicky.sk\/hu\/ajandek-utalvany\/","og_site_name":"Plaveck\u00e9 Jasli\u010dky \u017dabka","article_publisher":"https:\/\/www.facebook.com\/pages\/Healthy-Life-Style\/464258413736623","article_modified_time":"2022-12-04T15:03:44+00:00","og_image":[{"width":1920,"height":1080,"url":"https:\/\/plavecke-jaslicky.sk\/wp-content\/uploads\/2022\/12\/HU-darc\u030cekovy-poukaz-1.jpg","type":"image\/jpeg"}],"twitter_card":"summary_large_image","twitter_misc":{"Becs\u00fclt olvas\u00e1si id\u0151":"4 perc"},"schema":{"@context":"https:\/\/schema.org","@graph":[{"@type":"WebPage","@id":"https:\/\/plavecke-jaslicky.sk\/hu\/ajandek-utalvany\/","url":"https:\/\/plavecke-jaslicky.sk\/hu\/ajandek-utalvany\/","name":"Dar\u010dekov\u00fd poukaz na kurzy pl\u00e1vania pre deti|Plaveck\u00e9 jasli\u010dky \u017dabka","isPartOf":{"@id":"https:\/\/plavecke-jaslicky.sk\/hu\/#website"},"primaryImageOfPage":{"@id":"https:\/\/plavecke-jaslicky.sk\/hu\/ajandek-utalvany\/#primaryimage"},"image":{"@id":"https:\/\/plavecke-jaslicky.sk\/hu\/ajandek-utalvany\/#primaryimage"},"thumbnailUrl":"https:\/\/plavecke-jaslicky.sk\/wp-content\/uploads\/2022\/12\/HU-darc\u030cekovy-poukaz-1.jpg","datePublished":"2020-03-10T12:32:33+00:00","dateModified":"2022-12-04T15:03:44+00:00","description":"Dar\u010dekov\u00fd poukaz na kurzy na pl\u00e1vanie pre b\u00e1b\u00e4tk\u00e1. Plaveck\u00e9 jasli\u010dky \u017dabka - najlep\u0161ia plaveck\u00e1 akad\u00e9mia pre b\u00e1b\u00e4tk\u00e1 a deti. Poukaz k\u00fapite tu.","breadcrumb":{"@id":"https:\/\/plavecke-jaslicky.sk\/hu\/ajandek-utalvany\/#breadcrumb"},"inLanguage":"hu","potentialAction":[{"@type":"ReadAction","target":["https:\/\/plavecke-jaslicky.sk\/hu\/ajandek-utalvany\/"]}]},{"@type":"ImageObject","inLanguage":"hu","@id":"https:\/\/plavecke-jaslicky.sk\/hu\/ajandek-utalvany\/#primaryimage","url":"https:\/\/plavecke-jaslicky.sk\/wp-content\/uploads\/2022\/12\/HU-darc\u030cekovy-poukaz-1.jpg","contentUrl":"https:\/\/plavecke-jaslicky.sk\/wp-content\/uploads\/2022\/12\/HU-darc\u030cekovy-poukaz-1.jpg","width":1920,"height":1080,"caption":"Aj\u00e1nd\u00e9kutalv\u00e1ny"},{"@type":"BreadcrumbList","@id":"https:\/\/plavecke-jaslicky.sk\/hu\/ajandek-utalvany\/#breadcrumb","itemListElement":[{"@type":"ListItem","position":1,"name":"Home","item":"https:\/\/plavecke-jaslicky.sk\/hu\/"},{"@type":"ListItem","position":2,"name":"Aj\u00e1nd\u00e9k utalv\u00e1ny"}]},{"@type":"WebSite","@id":"https:\/\/plavecke-jaslicky.sk\/hu\/#website","url":"https:\/\/plavecke-jaslicky.sk\/hu\/","name":"Plavecke Jasli\u010dky \u017dabka","description":"","publisher":{"@id":"https:\/\/plavecke-jaslicky.sk\/hu\/#organization"},"potentialAction":[{"@type":"SearchAction","target":{"@type":"EntryPoint","urlTemplate":"https:\/\/plavecke-jaslicky.sk\/hu\/?s={search_term_string}"},"query-input":{"@type":"PropertyValueSpecification","valueRequired":true,"valueName":"search_term_string"}}],"inLanguage":"hu"},{"@type":"Organization","@id":"https:\/\/plavecke-jaslicky.sk\/hu\/#organization","name":"Plaveck\u00e9 jasli\u010dky \u017eabka","url":"https:\/\/plavecke-jaslicky.sk\/hu\/","logo":{"@type":"ImageObject","inLanguage":"hu","@id":"https:\/\/plavecke-jaslicky.sk\/hu\/#\/schema\/logo\/image\/","url":"https:\/\/plavecke-jaslicky.sk\/wp-content\/uploads\/2016\/05\/zabka-logo-transparent.png","contentUrl":"https:\/\/plavecke-jaslicky.sk\/wp-content\/uploads\/2016\/05\/zabka-logo-transparent.png","width":127,"height":150,"caption":"Plaveck\u00e9 jasli\u010dky \u017eabka"},"image":{"@id":"https:\/\/plavecke-jaslicky.sk\/hu\/#\/schema\/logo\/image\/"},"sameAs":["https:\/\/www.facebook.com\/pages\/Healthy-Life-Style\/464258413736623"]}]}},"_links":{"self":[{"href":"https:\/\/plavecke-jaslicky.sk\/hu\/wp-json\/wp\/v2\/pages\/14855"}],"collection":[{"href":"https:\/\/plavecke-jaslicky.sk\/hu\/wp-json\/wp\/v2\/pages"}],"about":[{"href":"https:\/\/plavecke-jaslicky.sk\/hu\/wp-json\/wp\/v2\/types\/page"}],"author":[{"embeddable":true,"href":"https:\/\/plavecke-jaslicky.sk\/hu\/wp-json\/wp\/v2\/users\/2"}],"replies":[{"embeddable":true,"href":"https:\/\/plavecke-jaslicky.sk\/hu\/wp-json\/wp\/v2\/comments?post=14855"}],"version-history":[{"count":6,"href":"https:\/\/plavecke-jaslicky.sk\/hu\/wp-json\/wp\/v2\/pages\/14855\/revisions"}],"predecessor-version":[{"id":14981,"href":"https:\/\/plavecke-jaslicky.sk\/hu\/wp-json\/wp\/v2\/pages\/14855\/revisions\/14981"}],"wp:featuredmedia":[{"embeddable":true,"href":"https:\/\/plavecke-jaslicky.sk\/hu\/wp-json\/wp\/v2\/media\/14984"}],"wp:attachment":[{"href":"https:\/\/plavecke-jaslicky.sk\/hu\/wp-json\/wp\/v2\/media?parent=14855"}],"curies":[{"name":"wp","href":"https:\/\/api.w.org\/{rel}","templated":true}]}}